{"id":2,"date":"2024-03-17T16:09:46","date_gmt":"2024-03-17T16:09:46","guid":{"rendered":"https:\/\/karate.isph.de\/?page_id=2"},"modified":"2024-03-18T17:52:42","modified_gmt":"2024-03-18T17:52:42","slug":"sample-page","status":"publish","type":"page","link":"https:\/\/karate.isph.de\/index.php\/sample-page\/","title":{"rendered":"Logo des Karateverbands &#8222;Society of Harmonious Fists&#8220;"},"content":{"rendered":"\n<figure class=\"wp-block-image size-full is-style-default wp-duotone-unset-1\"><img loading=\"lazy\" decoding=\"async\" width=\"605\" height=\"605\" src=\"https:\/\/karate.isph.de\/wp-content\/uploads\/2024\/03\/SOHF.png\" alt=\"Logo de\" class=\"wp-image-38\" srcset=\"https:\/\/karate.isph.de\/wp-content\/uploads\/2024\/03\/SOHF.png 605w, https:\/\/karate.isph.de\/wp-content\/uploads\/2024\/03\/SOHF-300x300.png 300w, https:\/\/karate.isph.de\/wp-content\/uploads\/2024\/03\/SOHF-150x150.png 150w\" sizes=\"auto, (max-width: 605px) 100vw, 605px\" \/><\/figure>\n\n\n\n<blockquote class=\"wp-block-quote is-layout-flow wp-block-quote-is-layout-flow\">\n<p>Die Rundung am Aufn\u00e4her repr\u00e4sentiert die Welt, in der wir leben.<\/p>\n\n\n\n<p>Das G in der Mitte steht im englischen f\u00fcr: God, Goodness, Gentlemen, and GoJu.<\/p>\n\n\n\n<p>Das Design, welches das G umgibt, stellt einen Schwertgriff dar und das G selbst bildet die Klinge.<\/p>\n\n\n\n<p>The Society of Harmonious Fists ist der Name unseres Verbandes.<\/p>\n\n\n\n<p>Das Kanji (japan. Schriftzeichen) stellt zum einen die Stilrichtung (links: GoJu Ryu) und zum anderen die ausge\u00fcbte Kampfkunst dar (rechts: KaraTe Do).<\/p>\n\n\n\n<p>&#8222;Noblesse Oblige&#8220; stammt von dem lateinischer Ausdruck &#8222;Nobility Obligates&#8220; und bedeutet so viel wie &#8222;Adel verpflichtet&#8220;.<\/p>\n<cite>Quelle: <a href=\"http:\/\/www.kaizenkarate.ch\/verband.php\">kaizenkarate.ch\/verband.php<\/a><\/cite><\/blockquote>\n\n\n\n<p><\/p>\n","protected":false},"excerpt":{"rendered":"<p>Die Rundung am Aufn\u00e4her repr\u00e4sentiert die Welt, in der wir leben. Das G in der Mitte steht im englischen f\u00fcr: God, Goodness, Gentlemen, and GoJu. Das Design, welches das G umgibt, stellt einen Schwertgriff dar und das G selbst bildet die Klinge. The Society of Harmonious Fists ist der Name unseres Verbandes. Das Kanji (japan. [&hellip;]<\/p>\n","protected":false},"author":1,"featured_media":0,"parent":0,"menu_order":0,"comment_status":"closed","ping_status":"open","template":"","meta":{"footnotes":""},"class_list":["post-2","page","type-page","status-publish","hentry"],"_links":{"self":[{"href":"https:\/\/karate.isph.de\/index.php\/wp-json\/wp\/v2\/pages\/2","targetHints":{"allow":["GET"]}}],"collection":[{"href":"https:\/\/karate.isph.de\/index.php\/wp-json\/wp\/v2\/pages"}],"about":[{"href":"https:\/\/karate.isph.de\/index.php\/wp-json\/wp\/v2\/types\/page"}],"author":[{"embeddable":true,"href":"https:\/\/karate.isph.de\/index.php\/wp-json\/wp\/v2\/users\/1"}],"replies":[{"embeddable":true,"href":"https:\/\/karate.isph.de\/index.php\/wp-json\/wp\/v2\/comments?post=2"}],"version-history":[{"count":2,"href":"https:\/\/karate.isph.de\/index.php\/wp-json\/wp\/v2\/pages\/2\/revisions"}],"predecessor-version":[{"id":42,"href":"https:\/\/karate.isph.de\/index.php\/wp-json\/wp\/v2\/pages\/2\/revisions\/42"}],"wp:attachment":[{"href":"https:\/\/karate.isph.de\/index.php\/wp-json\/wp\/v2\/media?parent=2"}],"curies":[{"name":"wp","href":"https:\/\/api.w.org\/{rel}","templated":true}]}}