{"id":43,"date":"2024-03-18T18:05:32","date_gmt":"2024-03-18T18:05:32","guid":{"rendered":"https:\/\/karate.isph.de\/?page_id=43"},"modified":"2024-10-03T15:18:22","modified_gmt":"2024-10-03T15:18:22","slug":"allgemein","status":"publish","type":"page","link":"https:\/\/karate.isph.de\/index.php\/allgemein\/","title":{"rendered":"Allgemein"},"content":{"rendered":"\n<figure class=\"wp-block-table is-style-stripes\"><table><thead><tr><th>Begriff<\/th><th>Beschreibung<\/th><\/tr><\/thead><tbody><tr><td>Seiza<\/td><td>Kniesitz<\/td><\/tr><tr><td>Seiretsu<\/td><td>Aufstellung<\/td><\/tr><tr><td>Mokuso<\/td><td>Augen schlie\u00dfen zur Meditation<\/td><\/tr><tr><td>Mokuso Yame<\/td><td>Augen \u00f6ffnen<\/td><\/tr><tr><td>Yame<\/td><td>Beenden<\/td><\/tr><tr><td>Hajime<\/td><td>Fangt an<\/td><\/tr><tr><td>Rei<\/td><td>Gr\u00fc\u00dfen<\/td><\/tr><tr><td>Kamaete<\/td><td>Position einnehmen. Die Position wird vorher genannt, z. B. &#8222;Links vor mit Gedan-Barai im Zenkutsu Dachi, kamaete&#8220;<\/td><\/tr><tr><td>Mawatte<\/td><td>Wendung<\/td><\/tr><tr><td>Yoi<\/td><td>Bereit<\/td><\/tr><tr><td>Kihon<\/td><td>Grundlage, Basis, Grundschule<\/td><\/tr><tr><td>Kiai<\/td><td>Kampfschrei<\/td><\/tr><tr><td>Sempai<\/td><td>Fortgeschrittener, \u00e4lterer Sch\u00fcler (Braungurt)<\/td><\/tr><tr><td>Kumite<\/td><td>Partnertraining<\/td><\/tr><tr><td>Bunkai<\/td><td>Anwendung der Kata mit Partnern<\/td><\/tr><tr><td>Shihan \/ Hanshi<\/td><td>Gro\u00dfmeister<\/td><\/tr><\/tbody><\/table><\/figure>\n","protected":false},"excerpt":{"rendered":"<p>Begriff Beschreibung Seiza Kniesitz Seiretsu Aufstellung Mokuso Augen schlie\u00dfen zur Meditation Mokuso Yame Augen \u00f6ffnen Yame Beenden Hajime Fangt an Rei Gr\u00fc\u00dfen Kamaete Position einnehmen. Die Position wird vorher genannt, z. B. &#8222;Links vor mit Gedan-Barai im Zenkutsu Dachi, kamaete&#8220; Mawatte Wendung Yoi Bereit Kihon Grundlage, Basis, Grundschule Kiai Kampfschrei Sempai Fortgeschrittener, \u00e4lterer Sch\u00fcler (Braungurt) [&hellip;]<\/p>\n","protected":false},"author":1,"featured_media":0,"parent":0,"menu_order":0,"comment_status":"closed","ping_status":"closed","template":"","meta":{"footnotes":""},"class_list":["post-43","page","type-page","status-publish","hentry"],"_links":{"self":[{"href":"https:\/\/karate.isph.de\/index.php\/wp-json\/wp\/v2\/pages\/43","targetHints":{"allow":["GET"]}}],"collection":[{"href":"https:\/\/karate.isph.de\/index.php\/wp-json\/wp\/v2\/pages"}],"about":[{"href":"https:\/\/karate.isph.de\/index.php\/wp-json\/wp\/v2\/types\/page"}],"author":[{"embeddable":true,"href":"https:\/\/karate.isph.de\/index.php\/wp-json\/wp\/v2\/users\/1"}],"replies":[{"embeddable":true,"href":"https:\/\/karate.isph.de\/index.php\/wp-json\/wp\/v2\/comments?post=43"}],"version-history":[{"count":3,"href":"https:\/\/karate.isph.de\/index.php\/wp-json\/wp\/v2\/pages\/43\/revisions"}],"predecessor-version":[{"id":79,"href":"https:\/\/karate.isph.de\/index.php\/wp-json\/wp\/v2\/pages\/43\/revisions\/79"}],"wp:attachment":[{"href":"https:\/\/karate.isph.de\/index.php\/wp-json\/wp\/v2\/media?parent=43"}],"curies":[{"name":"wp","href":"https:\/\/api.w.org\/{rel}","templated":true}]}}