{"id":45,"date":"2024-03-18T18:11:05","date_gmt":"2024-03-18T18:11:05","guid":{"rendered":"https:\/\/karate.isph.de\/?page_id=45"},"modified":"2024-03-18T18:11:05","modified_gmt":"2024-03-18T18:11:05","slug":"begriffe","status":"publish","type":"page","link":"https:\/\/karate.isph.de\/index.php\/begriffe\/","title":{"rendered":"Begriffe"},"content":{"rendered":"\n<h2 class=\"wp-block-heading\">Aussprache der japanischen Begriffe<\/h2>\n\n\n\n<figure class=\"wp-block-table\"><table><tbody><tr><td>ch<\/td><td>\u00e4hnlich&nbsp;<strong>tsch<\/strong>, wie in&nbsp;<em>Klatschen<\/em><\/td><\/tr><tr><td>e<\/td><td>\u00e4hnlich&nbsp;<strong>\u00e4<\/strong>, wie in&nbsp;<em>besser<\/em><\/td><\/tr><tr><td>ei<\/td><td>\u00e4hnlich&nbsp;<strong>ee<\/strong>, wie in&nbsp;<em>See<\/em><\/td><\/tr><tr><td>h<\/td><td>ein Laut, der&nbsp;<strong>zwischen h und ch<\/strong>&nbsp;liegt, wie in&nbsp;<em>Fach<\/em><\/td><\/tr><tr><td>j<\/td><td>\u00e4hnlich&nbsp;<strong>dsch<\/strong>, wie in&nbsp;<em>Job<\/em><\/td><\/tr><tr><td>r<\/td><td><strong>Zungen-r<\/strong>, wie im Romanischen oder Slawischen<\/td><\/tr><tr><td>s<\/td><td>\u00e4hnlich&nbsp;<strong>ss<\/strong>, wie in&nbsp;<em>Ha\u00df<\/em><\/td><\/tr><tr><td>sh<\/td><td>\u00e4hnlich&nbsp;<strong>sch<\/strong>, wie in&nbsp;<em>Schwert<\/em><\/td><\/tr><tr><td>y<\/td><td>\u00e4hnlich&nbsp;<strong>j<\/strong>, wie in&nbsp;<em>Jagt<\/em><\/td><\/tr><tr><td>z<\/td><td>\u00e4hnlich&nbsp;<strong>s<\/strong>, wie in&nbsp;<em>Sand<\/em><\/td><\/tr><tr><td>weitere Regeln:<\/td><td><em>u<\/em>&nbsp;wird in vielen F\u00e4llen kaum betont bzw. gar nicht ausgesprochen. (z.B. Shuto, gesprochen: &#8222;Schto&#8220;)<\/td><\/tr><tr><td><\/td><td><em>ae, ei, ue<\/em>&nbsp;werden getrennt gesprochen. (z.B. Mae-Geri, gesprochen: &#8222;Ma-e-Geri&#8220;)<\/td><\/tr><\/tbody><\/table><figcaption class=\"wp-element-caption\">Quelle: <a href=\"https:\/\/www.karate-do.de\/htdocs\/ger\/allgemeines\/begriffe.html\">Shotokan Grundlagen &#8211; Begriffe (karate-do.de)<\/a><\/figcaption><\/figure>\n","protected":false},"excerpt":{"rendered":"<p>Aussprache der japanischen Begriffe ch \u00e4hnlich&nbsp;tsch, wie in&nbsp;Klatschen e \u00e4hnlich&nbsp;\u00e4, wie in&nbsp;besser ei \u00e4hnlich&nbsp;ee, wie in&nbsp;See h ein Laut, der&nbsp;zwischen h und ch&nbsp;liegt, wie in&nbsp;Fach j \u00e4hnlich&nbsp;dsch, wie in&nbsp;Job r Zungen-r, wie im Romanischen oder Slawischen s \u00e4hnlich&nbsp;ss, wie in&nbsp;Ha\u00df sh \u00e4hnlich&nbsp;sch, wie in&nbsp;Schwert y \u00e4hnlich&nbsp;j, wie in&nbsp;Jagt z \u00e4hnlich&nbsp;s, wie in&nbsp;Sand weitere Regeln: u&nbsp;wird [&hellip;]<\/p>\n","protected":false},"author":1,"featured_media":0,"parent":0,"menu_order":0,"comment_status":"closed","ping_status":"closed","template":"","meta":{"footnotes":""},"class_list":["post-45","page","type-page","status-publish","hentry"],"_links":{"self":[{"href":"https:\/\/karate.isph.de\/index.php\/wp-json\/wp\/v2\/pages\/45","targetHints":{"allow":["GET"]}}],"collection":[{"href":"https:\/\/karate.isph.de\/index.php\/wp-json\/wp\/v2\/pages"}],"about":[{"href":"https:\/\/karate.isph.de\/index.php\/wp-json\/wp\/v2\/types\/page"}],"author":[{"embeddable":true,"href":"https:\/\/karate.isph.de\/index.php\/wp-json\/wp\/v2\/users\/1"}],"replies":[{"embeddable":true,"href":"https:\/\/karate.isph.de\/index.php\/wp-json\/wp\/v2\/comments?post=45"}],"version-history":[{"count":1,"href":"https:\/\/karate.isph.de\/index.php\/wp-json\/wp\/v2\/pages\/45\/revisions"}],"predecessor-version":[{"id":46,"href":"https:\/\/karate.isph.de\/index.php\/wp-json\/wp\/v2\/pages\/45\/revisions\/46"}],"wp:attachment":[{"href":"https:\/\/karate.isph.de\/index.php\/wp-json\/wp\/v2\/media?parent=45"}],"curies":[{"name":"wp","href":"https:\/\/api.w.org\/{rel}","templated":true}]}}