{"id":47,"date":"2024-03-18T18:14:48","date_gmt":"2024-03-18T18:14:48","guid":{"rendered":"https:\/\/karate.isph.de\/?page_id=47"},"modified":"2024-03-18T18:14:48","modified_gmt":"2024-03-18T18:14:48","slug":"begruessung","status":"publish","type":"page","link":"https:\/\/karate.isph.de\/index.php\/begruessung\/","title":{"rendered":"Begr\u00fc\u00dfung"},"content":{"rendered":"\n<figure class=\"wp-block-table\"><table><tbody><tr><td>Sh\u014dmen ni Rei<\/td><td>Gru\u00df zur Vorderseite (Gru\u00df an die Ahnen)<\/td><\/tr><tr><td>Sensei \/ Renshi ni Rei<\/td><td>Gru\u00df zum Meister<\/td><\/tr><tr><td>Otagai ni Rei<\/td><td>Gegenseitiger Gru\u00df<br><strong>Antwort bei Beginn des Trainings:<\/strong><br>Onegai Shimasu! <br><br>Bedeutung: \u201eIch bitte um Ihre Hilfe!\u201c Die Karate-Sch\u00fcler bitten ihren Sensei um Hilfe.<br><br><strong>Antwort bei Trainingsschluss:<\/strong><br>Arigatou gozaimasu! Bedeutung: \u201eVielen Dank!\u201c Die Karatekas danken ihrem Sensai f\u00fcr seine Hilfe.<\/td><\/tr><\/tbody><\/table><\/figure>\n\n\n\n<p><\/p>\n\n\n\n<p><\/p>\n","protected":false},"excerpt":{"rendered":"<p>Sh\u014dmen ni Rei Gru\u00df zur Vorderseite (Gru\u00df an die Ahnen) Sensei \/ Renshi ni Rei Gru\u00df zum Meister Otagai ni Rei Gegenseitiger Gru\u00dfAntwort bei Beginn des Trainings:Onegai Shimasu! Bedeutung: \u201eIch bitte um Ihre Hilfe!\u201c Die Karate-Sch\u00fcler bitten ihren Sensei um Hilfe. Antwort bei Trainingsschluss:Arigatou gozaimasu! Bedeutung: \u201eVielen Dank!\u201c Die Karatekas danken ihrem Sensai f\u00fcr seine [&hellip;]<\/p>\n","protected":false},"author":1,"featured_media":0,"parent":0,"menu_order":0,"comment_status":"closed","ping_status":"closed","template":"","meta":{"footnotes":""},"class_list":["post-47","page","type-page","status-publish","hentry"],"_links":{"self":[{"href":"https:\/\/karate.isph.de\/index.php\/wp-json\/wp\/v2\/pages\/47","targetHints":{"allow":["GET"]}}],"collection":[{"href":"https:\/\/karate.isph.de\/index.php\/wp-json\/wp\/v2\/pages"}],"about":[{"href":"https:\/\/karate.isph.de\/index.php\/wp-json\/wp\/v2\/types\/page"}],"author":[{"embeddable":true,"href":"https:\/\/karate.isph.de\/index.php\/wp-json\/wp\/v2\/users\/1"}],"replies":[{"embeddable":true,"href":"https:\/\/karate.isph.de\/index.php\/wp-json\/wp\/v2\/comments?post=47"}],"version-history":[{"count":1,"href":"https:\/\/karate.isph.de\/index.php\/wp-json\/wp\/v2\/pages\/47\/revisions"}],"predecessor-version":[{"id":48,"href":"https:\/\/karate.isph.de\/index.php\/wp-json\/wp\/v2\/pages\/47\/revisions\/48"}],"wp:attachment":[{"href":"https:\/\/karate.isph.de\/index.php\/wp-json\/wp\/v2\/media?parent=47"}],"curies":[{"name":"wp","href":"https:\/\/api.w.org\/{rel}","templated":true}]}}